{"id":354,"date":"2016-06-15T02:11:12","date_gmt":"2016-06-14T23:11:12","guid":{"rendered":"http:\/\/sweetbaby.com.tr\/?page_id=354"},"modified":"2016-06-16T16:09:49","modified_gmt":"2016-06-16T13:09:49","slug":"hakkimizda","status":"publish","type":"page","link":"https:\/\/sweetbaby.com.tr\/en\/hakkimizda\/","title":{"rendered":"About us"},"content":{"rendered":"<p><center><br \/>\n<img loading=\"lazy\" decoding=\"async\" class=\"aligncenter wp-image-790\" src=\"https:\/\/sweetbaby.com.tr\/wp-content\/uploads\/2016\/06\/arikan-1024x1006.png\" alt=\"arikan\" width=\"500\" height=\"491\" srcset=\"https:\/\/sweetbaby.com.tr\/wp-content\/uploads\/2016\/06\/arikan-1024x1006.png 1024w, https:\/\/sweetbaby.com.tr\/wp-content\/uploads\/2016\/06\/arikan-300x295.png 300w, https:\/\/sweetbaby.com.tr\/wp-content\/uploads\/2016\/06\/arikan-768x755.png 768w\" sizes=\"auto, (max-width: 500px) 100vw, 500px\" \/>Our company has achieved the best service and product quality as soon as possible and wants to do more with your support. Today, ARIKAN PLAST\u0130K DOMESTIC and FOREIGN TRADE contributes to the national economy and offers an effective and fast alternative to the market. It has proven this with the Sweet Baby brand.<\/p>\n<p>ARIKAN PLAST\u0130K IC &amp; FOREIGN TRADE, which has been on the market since 1965, is the first domestic baby pacifier and feeding bottle manufacturer. With its 50 years of experience, it has offered the most suitable product to people in every class of Turkey and Europe. Currently, it produces with raw materials from the most reliable suppliers in the world in its production facility on an area of 5000 m2. Ministry of Health, Ministry of Agriculture and Rural Affairs has finally proven itself as a reliable brand by obtaining ISO 22000:2005, ISO 9001, GMP, CE, CP documents and INTERTEK analysis reports.<\/p>\n<p>Sweet Baby brand has adopted the principle of producing quality healthy products for mothers and babies with its % 100 domestic production, experienced, professional employees and technical equipment.<br \/>\n<\/center><\/p>","protected":false},"excerpt":{"rendered":"<p>Firmam\u0131z en iyi hizmet ile \u00fcr\u00fcn kalitesini en k\u0131sa zamanda yakalam\u0131\u015f ve sizin deste\u011finizle daha fazlas\u0131n\u0131 yapmak istemektedir. Bug\u00fcn ARIKAN PLAST\u0130K \u0130\u00c7 ve DI\u015e T\u0130CARET \u00fclke ekonomisine katk\u0131da bulunmakta pazara etkili ve s\u00fcratli alternatif sunmaktad\u0131r. Bunu da Sweet Baby markas\u0131yla kan\u0131tlam\u0131\u015ft\u0131r. 1965&#8217;den bu yana piyasada bulunan ARIKAN PLAST\u0130K \u0130\u00c7 ve DI\u015e T\u0130CARET ilk yerli bebek [&hellip;]<\/p>\n","protected":false},"author":4,"featured_media":775,"parent":0,"menu_order":0,"comment_status":"closed","ping_status":"closed","template":"","meta":{"footnotes":""},"class_list":["post-354","page","type-page","status-publish","has-post-thumbnail","hentry"],"_links":{"self":[{"href":"https:\/\/sweetbaby.com.tr\/en\/wp-json\/wp\/v2\/pages\/354","targetHints":{"allow":["GET"]}}],"collection":[{"href":"https:\/\/sweetbaby.com.tr\/en\/wp-json\/wp\/v2\/pages"}],"about":[{"href":"https:\/\/sweetbaby.com.tr\/en\/wp-json\/wp\/v2\/types\/page"}],"author":[{"embeddable":true,"href":"https:\/\/sweetbaby.com.tr\/en\/wp-json\/wp\/v2\/users\/4"}],"replies":[{"embeddable":true,"href":"https:\/\/sweetbaby.com.tr\/en\/wp-json\/wp\/v2\/comments?post=354"}],"version-history":[{"count":7,"href":"https:\/\/sweetbaby.com.tr\/en\/wp-json\/wp\/v2\/pages\/354\/revisions"}],"predecessor-version":[{"id":789,"href":"https:\/\/sweetbaby.com.tr\/en\/wp-json\/wp\/v2\/pages\/354\/revisions\/789"}],"wp:featuredmedia":[{"embeddable":true,"href":"https:\/\/sweetbaby.com.tr\/en\/wp-json\/wp\/v2\/media\/775"}],"wp:attachment":[{"href":"https:\/\/sweetbaby.com.tr\/en\/wp-json\/wp\/v2\/media?parent=354"}],"curies":[{"name":"wp","href":"https:\/\/api.w.org\/{rel}","templated":true}]}}