{"id":25,"date":"2015-10-19T21:01:26","date_gmt":"2015-10-19T21:01:26","guid":{"rendered":"http:\/\/www.sweetbaby.com.tr\/?page_id=25"},"modified":"2016-06-20T18:14:39","modified_gmt":"2016-06-20T15:14:39","slug":"iletisim","status":"publish","type":"page","link":"https:\/\/sweetbaby.com.tr\/en\/iletisim\/","title":{"rendered":"Contact"},"content":{"rendered":"<div class=\"left\">\n<div class=\"wpcf7 no-js\" id=\"wpcf7-f41-o1\" lang=\"tr-TR\" dir=\"ltr\" data-wpcf7-id=\"41\">\n<div class=\"screen-reader-response\"><p role=\"status\" aria-live=\"polite\" aria-atomic=\"true\"><\/p> <ul><\/ul><\/div>\n<form action=\"\/en\/wp-json\/wp\/v2\/pages\/25#wpcf7-f41-o1\" method=\"post\" class=\"wpcf7-form init\" aria-label=\"\u0130leti\u015fim Formu\" novalidate=\"novalidate\" data-status=\"init\" data-trp-original-action=\"\/en\/wp-json\/wp\/v2\/pages\/25#wpcf7-f41-o1\">\n<fieldset class=\"hidden-fields-container\"><input type=\"hidden\" name=\"_wpcf7\" value=\"41\" \/><input type=\"hidden\" name=\"_wpcf7_version\" value=\"6.1.5\" \/><input type=\"hidden\" name=\"_wpcf7_locale\" value=\"tr_TR\" \/><input type=\"hidden\" name=\"_wpcf7_unit_tag\" value=\"wpcf7-f41-o1\" \/><input type=\"hidden\" name=\"_wpcf7_container_post\" value=\"0\" \/><input type=\"hidden\" name=\"_wpcf7_posted_data_hash\" value=\"\" \/>\n<\/fieldset>\n<p>Your name (required)\n<\/p>\n<p><span class=\"wpcf7-form-control-wrap\" data-name=\"your-name\"><input size=\"40\" maxlength=\"400\" class=\"wpcf7-form-control wpcf7-text wpcf7-validates-as-required\" aria-required=\"true\" aria-invalid=\"false\" value=\"\" type=\"text\" name=\"your-name\" \/><\/span>\n<\/p>\n<p>Your Email (required)\n<\/p>\n<p><span class=\"wpcf7-form-control-wrap\" data-name=\"your-email\"><input size=\"40\" maxlength=\"400\" class=\"wpcf7-form-control wpcf7-email wpcf7-validates-as-required wpcf7-text wpcf7-validates-as-email\" aria-required=\"true\" aria-invalid=\"false\" value=\"\" type=\"email\" name=\"your-email\" \/><\/span>\n<\/p>\n<p>Your message\n<\/p>\n<p><span class=\"wpcf7-form-control-wrap\" data-name=\"your-message\"><textarea cols=\"40\" rows=\"10\" maxlength=\"2000\" class=\"wpcf7-form-control wpcf7-textarea wpcf7-validates-as-required\" aria-required=\"true\" aria-invalid=\"false\" name=\"your-message\"><\/textarea><\/span>\n<\/p>\n<p><input class=\"wpcf7-form-control wpcf7-submit has-spinner\" type=\"submit\" value=\"Send\" \/>\n<\/p><div class=\"wpcf7-response-output\" aria-hidden=\"true\"><\/div>\n<input type=\"hidden\" name=\"trp-form-language\" value=\"en\"\/><\/form>\n<\/div>\n<\/div>\n<div class=\"right\">\n<p align=\"left\"><strong>ARIKAN<\/strong> Domestic and Foreign Trade. Ltd. Sti.<\/p>\n<p align=\"left\">\u0130kitelli OSB \u00c7evre San.Sit.16.Block No:1<\/p>\n<p align=\"left\">Ba\u015fak\u015fehir\/\u0130STANBUL- <strong>T\u00fcrkiye<\/strong><\/p>\n<p align=\"left\"><a href=\"https:\/\/maps.google.com\/maps?ll=41.094768,28.799151&amp;z=14&amp;t=m&amp;hl=tr&amp;gl=US&amp;mapclient=embed&amp;daddr=Ar%C4%B1kan%20Plastik%20%C4%B0kitelli%20OSB%20Mh.%20Blok%20No%3A1-2-3%20Ziyag%C3%B6kalp%20%C3%87evre%20Sanayi%20Sitesi%20No%3A16%2C%2034490%20Ba%C5%9Fak%C5%9Fehir%2F%C4%B0stanbul%2C%20T%C3%BCrkiye@41.09476799999999,28.799151\">Click for Directions<\/a><\/p>\n<p align=\"left\">Tel : +90212 446 23 23<\/p>\n<p align=\"left\">Tel : +90212 447 22 48<\/p>\n<p align=\"left\">Fax : +90212 446 26 23<\/p>\n<p align=\"left\">Email : <a href=\"mailto:info@sweetbaby.com.tr\">info@sweetbaby.com.tr<\/a><\/p>\n<\/div>","protected":false},"excerpt":{"rendered":"<p>ARIKAN Domestic and Foreign Trade. Ltd. Sti. \u0130kitelli OSB \u00c7evre San.Sit.16.Blok No:1 Ba\u015fak\u015fehir\/\u0130STANBUL- T\u00dcRK\u0130YE Click for Directions Tel : +90212 446 23 23 Tel : +90212 447 22 48 Fax : +90212 446 26 23 E-mail : info@sweetbaby .com.tr<\/p>","protected":false},"author":4,"featured_media":832,"parent":0,"menu_order":0,"comment_status":"closed","ping_status":"closed","template":"","meta":{"footnotes":""},"class_list":["post-25","page","type-page","status-publish","has-post-thumbnail","hentry"],"_links":{"self":[{"href":"https:\/\/sweetbaby.com.tr\/en\/wp-json\/wp\/v2\/pages\/25","targetHints":{"allow":["GET"]}}],"collection":[{"href":"https:\/\/sweetbaby.com.tr\/en\/wp-json\/wp\/v2\/pages"}],"about":[{"href":"https:\/\/sweetbaby.com.tr\/en\/wp-json\/wp\/v2\/types\/page"}],"author":[{"embeddable":true,"href":"https:\/\/sweetbaby.com.tr\/en\/wp-json\/wp\/v2\/users\/4"}],"replies":[{"embeddable":true,"href":"https:\/\/sweetbaby.com.tr\/en\/wp-json\/wp\/v2\/comments?post=25"}],"version-history":[{"count":12,"href":"https:\/\/sweetbaby.com.tr\/en\/wp-json\/wp\/v2\/pages\/25\/revisions"}],"predecessor-version":[{"id":778,"href":"https:\/\/sweetbaby.com.tr\/en\/wp-json\/wp\/v2\/pages\/25\/revisions\/778"}],"wp:featuredmedia":[{"embeddable":true,"href":"https:\/\/sweetbaby.com.tr\/en\/wp-json\/wp\/v2\/media\/832"}],"wp:attachment":[{"href":"https:\/\/sweetbaby.com.tr\/en\/wp-json\/wp\/v2\/media?parent=25"}],"curies":[{"name":"wp","href":"https:\/\/api.w.org\/{rel}","templated":true}]}}