{"id":354,"date":"2016-06-15T02:11:12","date_gmt":"2016-06-14T23:11:12","guid":{"rendered":"http:\/\/sweetbaby.com.tr\/?page_id=354"},"modified":"2016-06-16T16:09:49","modified_gmt":"2016-06-16T13:09:49","slug":"hakkimizda","status":"publish","type":"page","link":"https:\/\/sweetbaby.com.tr\/ar\/hakkimizda\/","title":{"rendered":"\u0645\u0639\u0644\u0648\u0645\u0627\u062a \u0639\u0646\u0627"},"content":{"rendered":"<p><center><br \/>\n<img loading=\"lazy\" decoding=\"async\" class=\"aligncenter wp-image-790\" src=\"https:\/\/sweetbaby.com.tr\/wp-content\/uploads\/2016\/06\/arikan-1024x1006.png\" alt=\"arikan\" width=\"500\" height=\"491\" srcset=\"https:\/\/sweetbaby.com.tr\/wp-content\/uploads\/2016\/06\/arikan-1024x1006.png 1024w, https:\/\/sweetbaby.com.tr\/wp-content\/uploads\/2016\/06\/arikan-300x295.png 300w, https:\/\/sweetbaby.com.tr\/wp-content\/uploads\/2016\/06\/arikan-768x755.png 768w\" sizes=\"auto, (max-width: 500px) 100vw, 500px\" \/>\u0644\u0642\u062f \u062d\u0642\u0642\u062a \u0634\u0631\u0643\u062a\u0646\u0627 \u0623\u0641\u0636\u0644 \u0627\u0644\u062e\u062f\u0645\u0627\u062a \u0648\u062c\u0648\u062f\u0629 \u0627\u0644\u0645\u0646\u062a\u062c \u0641\u064a \u0623\u0633\u0631\u0639 \u0648\u0642\u062a \u0645\u0645\u0643\u0646 \u0648\u062a\u0631\u064a\u062f \u0623\u0646 \u062a\u0641\u0639\u0644 \u0627\u0644\u0645\u0632\u064a\u062f \u0628\u062f\u0639\u0645\u0643\u0645. \u0627\u0644\u064a\u0648\u0645 \u060c \u062a\u0633\u0627\u0647\u0645 \u0627\u0644\u062a\u062c\u0627\u0631\u0629 \u0627\u0644\u0645\u062d\u0644\u064a\u0629 \u0648\u0627\u0644\u0623\u062c\u0646\u0628\u064a\u0629 \u0641\u064a \u0623\u0631\u064a\u0643\u0627\u0646 \u0644\u0644\u0628\u0644\u0627\u0633\u062a\u064a\u0643 \u0641\u064a \u0627\u0644\u0627\u0642\u062a\u0635\u0627\u062f \u0627\u0644\u0648\u0637\u0646\u064a \u0648\u062a\u0642\u062f\u0645 \u0628\u062f\u064a\u0644\u0627\u064b \u0641\u0639\u0627\u0644\u0627\u064b \u0648\u0633\u0631\u064a\u0639\u0627\u064b \u0644\u0644\u0633\u0648\u0642. \u0644\u0642\u062f \u0623\u062b\u0628\u062a \u0630\u0644\u0643 \u0645\u0639 \u0645\u0627\u0631\u0643\u0629 Sweet Baby.<\/p>\n<p>ARIKAN PLASTIK IC &amp; FOREIGN TRADE \u060c \u0627\u0644\u062a\u064a \u062a\u0645 \u0637\u0631\u062d\u0647\u0627 \u0641\u064a \u0627\u0644\u0633\u0648\u0642 \u0645\u0646\u0630 \u0639\u0627\u0645 1965 \u060c \u0647\u064a \u0623\u0648\u0644 \u0634\u0631\u0643\u0629 \u0645\u062d\u0644\u064a\u0629 \u0644\u062a\u0635\u0646\u064a\u0639 \u0627\u0644\u0644\u0647\u0627\u064a\u0629 \u0648\u0632\u062c\u0627\u062c\u0629 \u0627\u0644\u0631\u0636\u0627\u0639\u0629 \u0644\u0644\u0623\u0637\u0641\u0627\u0644. \u0645\u0639 50 \u0639\u0627\u0645\u064b\u0627 \u0645\u0646 \u0627\u0644\u062e\u0628\u0631\u0629 \u060c \u0642\u062f\u0645\u062a \u0627\u0644\u0645\u0646\u062a\u062c \u0627\u0644\u0623\u0646\u0633\u0628 \u0644\u0644\u0623\u0634\u062e\u0627\u0635 \u0641\u064a \u0643\u0644 \u0641\u0626\u0629 \u0645\u0646 \u0641\u0626\u0627\u062a \u062a\u0631\u0643\u064a\u0627 \u0648\u0623\u0648\u0631\u0648\u0628\u0627. \u062d\u0627\u0644\u064a\u064b\u0627 \u060c \u062a\u0646\u062a\u062c \u0627\u0644\u0645\u0648\u0627\u062f \u0627\u0644\u062e\u0627\u0645 \u0645\u0646 \u0627\u0644\u0645\u0648\u0631\u062f\u064a\u0646 \u0627\u0644\u0623\u0643\u062b\u0631 \u0645\u0648\u062b\u0648\u0642\u064a\u0629 \u0641\u064a \u0627\u0644\u0639\u0627\u0644\u0645 \u0641\u064a \u0645\u0646\u0634\u0623\u0629 \u0627\u0644\u0625\u0646\u062a\u0627\u062c \u0627\u0644\u062e\u0627\u0635\u0629 \u0628\u0647\u0627 \u0639\u0644\u0649 \u0645\u0633\u0627\u062d\u0629 5000 \u0645\u062a\u0631 \u0645\u0631\u0628\u0639. \u0623\u062b\u0628\u062a\u062a \u0648\u0632\u0627\u0631\u0629 \u0627\u0644\u0635\u062d\u0629 \u0648\u0648\u0632\u0627\u0631\u0629 \u0627\u0644\u0632\u0631\u0627\u0639\u0629 \u0648\u0627\u0644\u0634\u0624\u0648\u0646 \u0627\u0644\u0631\u064a\u0641\u064a\u0629 \u0646\u0641\u0633\u0647\u0627 \u0623\u062e\u064a\u0631\u064b\u0627 \u0643\u0639\u0644\u0627\u0645\u0629 \u062a\u062c\u0627\u0631\u064a\u0629 \u0645\u0648\u062b\u0648\u0642\u0629 \u0645\u0646 \u062e\u0644\u0627\u0644 \u0627\u0644\u062d\u0635\u0648\u0644 \u0639\u0644\u0649 \u0645\u0633\u062a\u0646\u062f\u0627\u062a ISO 22000: 2005 \u0648 ISO 9001 \u0648 GMP \u0648 CE \u0648 CP \u0648\u062a\u0642\u0627\u0631\u064a\u0631 \u062a\u062d\u0644\u064a\u0644 INTERTEK.<\/p>\n<p>\u0627\u0639\u062a\u0645\u062f\u062a \u0639\u0644\u0627\u0645\u0629 Sweet Baby \u0627\u0644\u062a\u062c\u0627\u0631\u064a\u0629 \u0645\u0628\u062f\u0623 \u0625\u0646\u062a\u0627\u062c \u0645\u0646\u062a\u062c\u0627\u062a \u0635\u062d\u064a\u0629 \u0639\u0627\u0644\u064a\u0629 \u0627\u0644\u062c\u0648\u062f\u0629 \u0644\u0644\u0623\u0645\u0647\u0627\u062a \u0648\u0627\u0644\u0623\u0637\u0641\u0627\u0644 \u0645\u0646 \u062e\u0644\u0627\u0644 \u0627\u0644\u0625\u0646\u062a\u0627\u062c \u0627\u0644\u0645\u062d\u0644\u064a % 100 \u0648\u0627\u0644\u0645\u0648\u0638\u0641\u064a\u0646 \u0630\u0648\u064a \u0627\u0644\u062e\u0628\u0631\u0629 \u0648\u0627\u0644\u0645\u0647\u0646\u064a\u0629 \u0648\u0627\u0644\u0645\u0639\u062f\u0627\u062a \u0627\u0644\u062a\u0642\u0646\u064a\u0629.<br \/>\n<\/center><\/p>","protected":false},"excerpt":{"rendered":"<p>Firmam\u0131z en iyi hizmet ile \u00fcr\u00fcn kalitesini en k\u0131sa zamanda yakalam\u0131\u015f ve sizin deste\u011finizle daha fazlas\u0131n\u0131 yapmak istemektedir. Bug\u00fcn ARIKAN PLAST\u0130K \u0130\u00c7 ve DI\u015e T\u0130CARET \u00fclke ekonomisine katk\u0131da bulunmakta pazara etkili ve s\u00fcratli alternatif sunmaktad\u0131r. Bunu da Sweet Baby markas\u0131yla kan\u0131tlam\u0131\u015ft\u0131r. 1965&#8217;den bu yana piyasada bulunan ARIKAN PLAST\u0130K \u0130\u00c7 ve DI\u015e T\u0130CARET ilk yerli bebek [&hellip;]<\/p>\n","protected":false},"author":4,"featured_media":775,"parent":0,"menu_order":0,"comment_status":"closed","ping_status":"closed","template":"","meta":{"footnotes":""},"class_list":["post-354","page","type-page","status-publish","has-post-thumbnail","hentry"],"_links":{"self":[{"href":"https:\/\/sweetbaby.com.tr\/ar\/wp-json\/wp\/v2\/pages\/354","targetHints":{"allow":["GET"]}}],"collection":[{"href":"https:\/\/sweetbaby.com.tr\/ar\/wp-json\/wp\/v2\/pages"}],"about":[{"href":"https:\/\/sweetbaby.com.tr\/ar\/wp-json\/wp\/v2\/types\/page"}],"author":[{"embeddable":true,"href":"https:\/\/sweetbaby.com.tr\/ar\/wp-json\/wp\/v2\/users\/4"}],"replies":[{"embeddable":true,"href":"https:\/\/sweetbaby.com.tr\/ar\/wp-json\/wp\/v2\/comments?post=354"}],"version-history":[{"count":7,"href":"https:\/\/sweetbaby.com.tr\/ar\/wp-json\/wp\/v2\/pages\/354\/revisions"}],"predecessor-version":[{"id":789,"href":"https:\/\/sweetbaby.com.tr\/ar\/wp-json\/wp\/v2\/pages\/354\/revisions\/789"}],"wp:featuredmedia":[{"embeddable":true,"href":"https:\/\/sweetbaby.com.tr\/ar\/wp-json\/wp\/v2\/media\/775"}],"wp:attachment":[{"href":"https:\/\/sweetbaby.com.tr\/ar\/wp-json\/wp\/v2\/media?parent=354"}],"curies":[{"name":"wp","href":"https:\/\/api.w.org\/{rel}","templated":true}]}}